{"id":244,"date":"2023-11-08T23:52:27","date_gmt":"2023-11-08T22:52:27","guid":{"rendered":"https:\/\/curstud.hs-fhg2.geschichte.uni-frankfurt.de\/?page_id=244"},"modified":"2024-04-07T17:09:38","modified_gmt":"2024-04-07T15:09:38","slug":"external-links","status":"publish","type":"page","link":"https:\/\/www.kuratierenundkritik.net\/en\/external-links\/","title":{"rendered":"External Links"},"content":{"rendered":"<p>Goethe University<br \/>\n<a title=\"Goethe Universit\u00e4t Frankfurt am Main\" href=\"http:\/\/www.uni-frankfurt.de\/\" target=\"_blank\" rel=\"noopener\">Allgemeine Webseite der Goethe Universit\u00e4t<\/a><br \/>\n<a title=\"Kunstgeschichtliches Institut an der Goethe Universit\u00e4t Frankfurt am Main\" href=\"http:\/\/www.kunst.uni-frankfurt.de\/\" target=\"_blank\" rel=\"noopener\">Kunstgeschichtliches Institut<\/a><br \/>\n<a title=\"Institut f\u00fcr Philosophie an der Goethe Universit\u00e4t Frankfurt am Main\" href=\"http:\/\/www.philosophie.uni-frankfurt.de\/\" target=\"_blank\" rel=\"noopener\">Institut f\u00fcr Philosophie<\/a><br \/>\n<a title=\"Institut f\u00fcr Ethnologie an der Goethe Universit\u00e4t Frankfurt am Main\" href=\"http:\/\/www.uni-frankfurt.de\/42991918\/ie\" target=\"_blank\" rel=\"noopener\">Institut f\u00fcr Ethnologie<\/a><br \/>\n<a href=\"https:\/\/www.uni-frankfurt.de\/77886694\/Institut_f%C3%BCr_Arch%C3%A4ologische_Wissenschaften\">Institut f\u00fcr Arch\u00e4ologische Wissenschaften<\/a><br \/>\n<a title=\"Institut f\u00fcr Kunstp\u00e4dagogik an der Goethe Universit\u00e4t Frankfurt am Main\" href=\"http:\/\/www.kunstpaed.uni-frankfurt.de\/\" target=\"_blank\" rel=\"noopener\">Institut f\u00fcr Kunstp\u00e4dagogik<\/a><br \/>\n<a title=\"Zentrum f\u00fcr Historische Geisteswissenschaften an der Goethe Universit\u00e4t Frankfurt am Main\" href=\"http:\/\/www.fzhg.org\/\" target=\"_blank\" rel=\"noopener\">Zentrum f\u00fcr Historische Geisteswissenschaften<\/a><\/p>\n<p>St\u00e4delschule<br \/>\n<a title=\"St\u00e4delschule Frankfurt am Main\" href=\"http:\/\/www.staedelschule.de\/\" target=\"_blank\" rel=\"noopener\">Allgemeine Webseite der St\u00e4delschule<\/a><br \/>\n<a title=\"Institut f\u00fcr Kunstkritik an der St\u00e4delschule Frankfurt am Main\" href=\"http:\/\/www.staedelschule.de\/institut_fuer_kunstkritik.html\" target=\"_blank\" rel=\"noopener\">Institut f\u00fcr Kunstkritik<\/a><\/p>\n<p>Student and aluimni projects<br \/>\n<a href=\"https:\/\/staedelschule.de\/de\/board\" target=\"_blank\" rel=\"noopener\">https:\/\/staedelschule.de\/de\/board<\/a><\/p>\n<p>Websites of Cooperating Partners<br \/>\n<a title=\"St\u00e4del Museum Frankfurt am Main\" href=\"http:\/\/www.staedelmuseum.de\/\" target=\"_blank\" rel=\"noopener\">St\u00e4del Museum<\/a><br \/>\n<a title=\"Liebieghaus Skulpturen Sammlung Frankfurt am Main\" href=\"http:\/\/www.liebieghaus.de\/\" target=\"_blank\" rel=\"noopener\">Liebieghaus<\/a><br \/>\n<a href=\"https:\/\/www.mmk.art\/de\">Museum MMK f\u00fcr Moderne Kunst<\/a><br \/>\n<a href=\"https:\/\/www.historisches-museum-frankfurt.de\/\" target=\"_blank\" rel=\"noopener\">Historisches Museum<\/a><br \/>\n<a title=\"Weltkulturen Museum Frankfurt am Main\" href=\"http:\/\/www.weltkulturenmuseum.de\/\" target=\"_blank\" rel=\"noopener\">Weltkulturen Museum<\/a><br \/>\n<a title=\"Portikus Frankfurt am Main\" href=\"http:\/\/www.portikus.de\/\" target=\"_blank\" rel=\"noopener\">Portikus<\/a><\/p>\n","protected":false},"excerpt":{"rendered":"Goethe University Allgemeine Webseite der Goethe Universit\u00e4t Kunstgeschichtliches Institut Institut f\u00fcr Philosophie Institut f\u00fcr Ethnologie Institut f\u00fcr Arch\u00e4ologische Wissenschaften Institut f\u00fcr Kunstp\u00e4dagogik Zentrum f\u00fcr Historische Geisteswissenschaften St\u00e4delschule Allgemeine Webseite der St\u00e4delschule Institut f\u00fcr Kunstkritik Student and aluimni projects https:\/\/staedelschule.de\/de\/board Websites of Cooperating Partners St\u00e4del Museum Liebieghaus Museum MMK f\u00fcr Moderne Kunst Historisches Museum Weltkulturen Museum&#8230; <a class=\"view-article\" href=\"https:\/\/www.kuratierenundkritik.net\/en\/external-links\/\">View Article<\/a>","protected":false},"author":1,"featured_media":0,"parent":0,"menu_order":0,"comment_status":"closed","ping_status":"closed","template":"template-standardkk.php","meta":{"footnotes":""},"class_list":["post-244","page","type-page","status-publish","hentry"],"acf":[],"_links":{"self":[{"href":"https:\/\/www.kuratierenundkritik.net\/en\/wp-json\/wp\/v2\/pages\/244","targetHints":{"allow":["GET"]}}],"collection":[{"href":"https:\/\/www.kuratierenundkritik.net\/en\/wp-json\/wp\/v2\/pages"}],"about":[{"href":"https:\/\/www.kuratierenundkritik.net\/en\/wp-json\/wp\/v2\/types\/page"}],"author":[{"embeddable":true,"href":"https:\/\/www.kuratierenundkritik.net\/en\/wp-json\/wp\/v2\/users\/1"}],"replies":[{"embeddable":true,"href":"https:\/\/www.kuratierenundkritik.net\/en\/wp-json\/wp\/v2\/comments?post=244"}],"version-history":[{"count":3,"href":"https:\/\/www.kuratierenundkritik.net\/en\/wp-json\/wp\/v2\/pages\/244\/revisions"}],"predecessor-version":[{"id":1104,"href":"https:\/\/www.kuratierenundkritik.net\/en\/wp-json\/wp\/v2\/pages\/244\/revisions\/1104"}],"wp:attachment":[{"href":"https:\/\/www.kuratierenundkritik.net\/en\/wp-json\/wp\/v2\/media?parent=244"}],"curies":[{"name":"wp","href":"https:\/\/api.w.org\/{rel}","templated":true}]}}