{"id":242,"date":"2023-11-08T23:51:11","date_gmt":"2023-11-08T22:51:11","guid":{"rendered":"https:\/\/curstud.hs-fhg2.geschichte.uni-frankfurt.de\/?page_id=242"},"modified":"2026-03-07T13:21:01","modified_gmt":"2026-03-07T12:21:01","slug":"masters-theses","status":"publish","type":"page","link":"https:\/\/www.kuratierenundkritik.net\/en\/alumni\/masters-theses\/","title":{"rendered":"Master&#8217;s Theses"},"content":{"rendered":"<p>The following topics have been dealt with by candidates in their master&#8217;s theses. Alongside the theoretical thesis many of our students also developed a curatorial project.<\/p>\n<p>Die Wohnungsausstellung als kuratorisches Konzept: Zwei Entwicklungen in West-Europa und Russland seit den 1950er-Jahren bis heute<br \/>\n(Olga Appel (geb. Inozemtceva))<\/p>\n<p>Demokratisiert Technologie die Kunstwelt? Eine historische Herleitung und Betrachtung der Verschiebungen in den fr\u00fchen 2020er Jahren<br \/>\n(David Bachmann)<\/p>\n<p>Denis Diderot als Kunstkritiker. Die Salonbeschreibung<br \/>\n(Maike Banaski)<\/p>\n<p>Kunst im Raum \u2013 Raum und Kunst. Wechselwirkungen zwischen Kunstwerk und Raum<br \/>\n(Christian B\u00e4tjer-Guth)<\/p>\n<p>Exzess, Expansion, Entgrenzung. K\u00f6rper, Grenze und \u00dcberschreitung im Cinema of Transgression<br \/>\n(Marie Beckmann)<\/p>\n<p>Performancekunst als queeres Medium: museale Institutionalisierung als Indikator f\u00fcr die Ver\u00e4nderung des Genres? Eine theoretische Analyse anhand des Werkes von Alex Baczy\u0144ski-Jenkins<br \/>\n(Louisa Behr)<\/p>\n<p>Gegenw\u00e4rtig halten. Ans\u00e4tze zum Umgang mit Relikten im \u00f6ffentlichen Raum \u2013 eine Auseinandersetzung am Beispiel sogenannter \u201eMohrenapotheken\u201c<br \/>\n(Luisa Benzinger)<\/p>\n<p>\u201cWenn die Ausstellung sich selbst ausstellt\u201d Die kuratierte Themenausstellung als epistemologisches und \u00e4sthetisches Medium am Beispiel von J.-F. Lyotards Les Immat\u00e9riaux.<br \/>\nExhibition: Science \/\/ Fiction mit Sandra Kranich, S\u00f3ley Ragnarsd\u00f3ttir, Flaut M. Rauch, Simon Speiser, Offener Projektraum Produktions- und Ausstellungsplattform basis e.V., Frankfurt, 17.05. \u2013 07.06.2015<br \/>\n(Miriam Bettin)<\/p>\n<p>Exhibiting Dress and Fashion in the Art Museum Context and its Curatorial Approaches<br \/>\n(Wen Bi)<\/p>\n<p>Konforme\/s Gestalten Skulpturale Texturen an der Expo 64 in Lausanne (1964)<br \/>\n(Mike Bill)<\/p>\n<p>Motive der Kritik in zeitgen\u00f6ssischer Kunst<br \/>\n(Clara Maria Blasius)<\/p>\n<p>Die Oper als Format der Gegenwartskunst. Inszenierungen von Macht in der Oper Angst (2016) von Anne Imhof<br \/>\n(Tomke Braun)<\/p>\n<p>Essen als Medium zwischen Kunst und K\u00fcche.<br \/>\nRirkrit Tiravanija, Do we dream under the same sky, Art Basel 2015<br \/>\n(Felix Br\u00f6cker)<\/p>\n<p>The greenest Playground. Planting L.A., 1930<br \/>\n(Sina Br\u00fcckner-Amin)<\/p>\n<p>\u00c4sthetik der Rezession. Wirtschaftskrise und Dematerialisierung in Silvia Kolbowskis Interventionen<br \/>\n(Dennis Brzek)<\/p>\n<p>Aufl\u00f6sen, zirkulieren, \u00fcberschwappen. Liquidit\u00e4t in den post-cinematischen Installationen Hito Steyerls<br \/>\n(Layla Burger-Lichtenstein )<\/p>\n<p>Die Funktion der Indiennes-Baumwolltextilien in Fiona Tans Videoarbeit Nellie (2013) \u2013 Eine postkoloniale Kritik am niederl\u00e4ndischen \u201eGoldenen Zeitalter\u201c?<br \/>\n(Sophie Buscher)<\/p>\n<p>Beyond Echo Chambers, Reflections on cc:IRL<br \/>\n(Alice Chardenet)<\/p>\n<p>Queer Craft: Paul Yore\u2019s Textile Subversions<br \/>\n(Sarah Crowe)<\/p>\n<p>Reisende K\u00fcnstler und ihre Filme: Filmische Blicke auf fremde Orte<br \/>\nExhibition: Echo Release \u2013 Die zeitgen\u00f6ssische K\u00fcnstlerreise im Stipendienprogramm der Hessischen Kulturstiftung, Nassauischer Kunstverein Wiesbaden, 21.09. \u2013 24.11.2013<br \/>\n(Aur\u00e9lia Defrance)<\/p>\n<p>Artistic Strategies of Visualisation of History After the Yugoslavian Wars<br \/>\n(Adela Demetja)<\/p>\n<p>Eine Frage der Repr\u00e4sentation. Aneignung und Dekonstruktion in Marlene Dumas\u2019 \u201eBlack Drawings\u201c<br \/>\n(Theresa Dettinger)<\/p>\n<p>Widerst\u00e4ndig Zeigen? Kuratorische Praxis im Spannungsfeld von Sichtbarkeit und Opazit\u00e4t im Kontext queerer Abstraktion<br \/>\n(Carlotta D\u00f6hn)<\/p>\n<p>From Kunstverein to an institution of critique<br \/>\n(Nadine Droste)<\/p>\n<p>Dokumentarischer Modus. Fotografie in der dokumentarischen Ausstellungspraxis, im Kontext der politischen Bildungsarbeit<br \/>\n(Marion Charlotte Dubberke)<\/p>\n<p>Adalbert Seitz\u2019s Lepidoptera Encyclopaedia and the Contested Imaginary of Entomology<br \/>\n(Silas Blue Edwards)<\/p>\n<p>Ortswechsel \u2013 Nomadische Strategien und Tendenzen in ortsspezifischer Kunst<br \/>\nExhibition: Echo Release \u2013 Die zeitgen\u00f6ssische K\u00fcnstlerreise im Stipendienprogramm der Hessischen Kulturstiftung, Nassauischer Kunstverein Wiesbaden, 21.09. \u2013 24.11.2013<br \/>\n(Anna Eschbach)<\/p>\n<p>Neue Formen der Organisation und Identit\u00e4tsbildung von Architekten am Beispiel der Gruppe Forensic Architecture<br \/>\n(Annika Etter)<\/p>\n<p>Skulpturen als Erz\u00e4hlmodelle. Auf der Suche nach den mythologischen Figuren der Skulptur Projekte<br \/>\n(Maren Feller)<\/p>\n<p>The Night Side of the Museum. Eine Analyse der ethnografischen Ausstellungspraxis anhand des Beispiels des Weltkulturen Museums, Frankfurt<br \/>\n(Margaret Rose Field)<\/p>\n<p>Ausstellungen im Spannungsfeld zwischen Globalisierung und Postkolonialit\u00e4t<br \/>\n(Dominik Fink)<\/p>\n<p>Portikus Portrait. John Knight in Frankfurt am Main<br \/>\n(Kristoffer Lukas Flygare)<\/p>\n<p>Don\u2019t bite the hand that feeds you. \u00dcber den Umgang mit Public Private Partnerships am Beispiel der Ausstellungsreihe Carte Blanche der Galerie f\u00fcr Zeitgen\u00f6ssische Kunst Leipzig<br \/>\n(Elena Frickmann)<\/p>\n<p>K\u00fcnstler als Sammler, Sammler als Kunst. Reflexion einer ethnographischen Methode anhand der Werke Eva und Franco Matthes\u2019<br \/>\nExhibition: collecting identity \u2013 sammeln als k\u00fcnstlerische methode, Akademie f\u00fcr interdisziplin\u00e4re Prozesse \u201eafip!\u201c, Offenbach, 6.04. \u2013 14.04.2013<br \/>\n(Julia Friedel)<\/p>\n<p>Empathie ist beunruhigend &#8211; Das Potenzial von Affekten in queer spaces durch queeres Kuratieren<br \/>\n(Franziska Giesecke)<\/p>\n<p>Ein museales Kulturforum \u2013 das Carr\u00e9 d\u2019Art in N\u00eemes<br \/>\n(Oc\u00e9ane Gonnet)<\/p>\n<p>Conjuring Frames: Interventions in the public space by Alberto Greco, Anna Maria Maiolino and David Hammons<br \/>\n(Andr\u00e9s Gorzycki)<\/p>\n<p>Schalltraktionen. Die Klangkunst von Emeka Ogboh und Utra-red im Kampf gegen Gentrifizierung<br \/>\n(Lorenzo Graf)<\/p>\n<p>Darstellungen des (Un-)Sichtbaren Detenidos desaparecidas in Werken von Claudio Fontes, Gustavo Germano und Enique Ramirez<br \/>\n(Hannah Grimmer)<\/p>\n<p>K\u00f6rper und Gesellschaft. Die Performancearbeiten von Carolee Schneemann und Anne Imhof<br \/>\n(Cosima Anna Veronika Grosser)<\/p>\n<p>Space Exploration. Die Erkenntnisr\u00e4ume des Environments Habitability Project (1970) und HALO (2018)<br \/>\n(Alice Gustson)<\/p>\n<p>Das Ausstellen der \u201cVergessenen\u201d. Museale Strategien und der Mythos der wiederentdeckten K\u00fcnstlerin<br \/>\n(Mailin Haberland)<\/p>\n<p>Der K\u00fcnstlerfotograf Gustav le Gray. Wechselwirkungen zwischen Fotografie und Malerei<br \/>\n(D\u00e9sir\u00e9e Hailzl)<\/p>\n<p>Unterwegs zur Zeichnung im Raum. \u00dcber die Installationen von Silvia B\u00e4chli<br \/>\n(Ramona Heinlein)<\/p>\n<p>Aesthetics of Monstrosity<br \/>\n(Teresa Heinzelmann)<\/p>\n<p>New Museology and \u201cSource Communities\u201d Diskurse von Chancen und Herausfordrungen bei kollaborativen Museumsprojekten<br \/>\n(Janette Helm)<\/p>\n<p>AVOID<br \/>\n(Franz Hempel)<\/p>\n<p>Felix Gonzalez-Torres \u2013 Ausstellen als k\u00fcnstlerische Praxis<br \/>\n(Peter Hess)<\/p>\n<p>Falling Towards Nothing. \u00c4sthetik der Ersch\u00f6pfung in der zeitgen\u00f6ssischen Performance<br \/>\n(Sarah Heuberger)<\/p>\n<p>Fest, fl\u00fcssig, gasf\u00f6rmig. Materie und K\u00f6rper in den Arbeiten von Candice Lin &#038; P. Staff und Hamad Butt<br \/>\n(Alke Heykes)<\/p>\n<p>Das kritische Potenzial des Affektiven im Werk von Lutz Bacher<br \/>\n(Beatrice Hilke)<\/p>\n<p>Ph\u00e4nomenologie des Models \u2013 vestiment\u00e4re Momente und affektive K\u00f6rper in Anne Imhofs \u201cFaust\u201d<br \/>\n(Dierk Jens H\u00f6hne)<\/p>\n<p>Dekonstruktion und Dynamismus \u2013 zum bewegten K\u00f6rper in der bildenden Kunst des italienschen Futurismus<br \/>\n(Anna Holms)<\/p>\n<p>\u201e[\u2026] this must have happened under pressure from American agencies\u201c: \u00bbSo wohnt Amerika\u00ab (1949) zwischen Bauhaus, New Deal und Kaltem Krieg<br \/>\n(Tizian Holzbach)<\/p>\n<p>Berichte, Bilder. Blickwinkel \u2013 Die Darstellung Chinas in der Zeitschrift \u201eDie Katholische Mission\u201c: eine vergleichende Text- und Bildanalyse<br \/>\n(Nina Huber)<\/p>\n<p>Autotheorie und die \u00c4sthetik der B\u00fcrokratie als Strategien der Erm\u00e4chtigung. Howardena Pindells\u2019 Art World Surveys, 1987\/1997<br \/>\n(Klara H\u00fclskamp)<\/p>\n<p>Kritische Auseinandersetzung mit dem Partizipationskonzept in den k\u00fcnstlerischen Arbeiten von Ulf Aminde<br \/>\n(Vite Joksaite)<\/p>\n<p>Kunst im \u00f6ffentichen Raum am Beispiel des Portikus<br \/>\n(Vivien K\u00e4mpf)<\/p>\n<p>Frank Auerbach \u2013 Bilder des gef\u00e4hrdeten Lebens und deren Rezeption in Deutschland<br \/>\n(Aviva Kaminer)<\/p>\n<p>Bildsprache und Identit\u00e4t bei Ferhat Bouda: Selbstbestimmung durch Fotografie?<br \/>\n(Esra Klein)<\/p>\n<p>Affekttheoretische Perspektiven auf die Ausstellung \u201eGift\u201c von Iris Touliatou in der Kunsthalle Basel (10. Februar 2023 \u2013 07. Mai 2023)<br \/>\n(Amelie Kleinhubbert)<\/p>\n<p>Kritische Analyse der Anwendung partizipativer Konzepte im kulturellen Raum am Beispiel des Historischen Museum Frankfurt<br \/>\n(Caroline Klostermann)<\/p>\n<p>Zwischen Anspruch und Wirklichkeit \u2013 Das Operndorf Afrika von Christoph Schlingensief<br \/>\n(Florina Klubach)<\/p>\n<p>Ausstattungszusammenh\u00e4nge und Werkgenese der Retabel in der Elisabethkirche zu Marburg<br \/>\n(Alexandra K\u00f6nig)<\/p>\n<p>Performance Pedagogy as Artistic Strategy: The case of \u201cLa Pocha\u201d<br \/>\n(Vasiliki Monika Koubarake)<\/p>\n<p>Socially Engaged Art gegen das erzwungene Schweigen von Fl\u00fcchtlingen, Menschen ohne Papieren und MigrantInnen. Eine Untersuchung der partizipativen und kollaborativen Methoden der Socially Engaged Art anhand von The Silent University<br \/>\n(Marenka Krasomil)<\/p>\n<p>What it means to sit on a man. Okwui Okpokwasili auf der 10. Berlin Biennale<br \/>\n(Philipp Lange)<\/p>\n<p>Stegreifspiele. Der K\u00f6rper als Mittel der Selbsterfahrung in Gabriele St\u00f6tzers Fotomappe \u201cFrauen miteinander (1982\/83)\u201d<br \/>\n(Malina Lauterbach)<\/p>\n<p>Mix &#038; Match or Mismatch? The Case of Adolf Ziegler&#8217;s &#8220;Die Vier Elemente&#8221; in the Pinakothek der Moderne&#8217;s &#8220;Mix &#038; Match Rediscovierng the Collection&#8221;<br \/>\n(Jae Eun Lee)<\/p>\n<p>Autonomie und Abh\u00e4ngigkeit von den Mechanismen des Kunstmarktes am Beispiel des Portikus in Frankfurt<br \/>\n(Jonas Leihener)<\/p>\n<p>Otto Dix und El Greco: Eine Rezeption im Zeichen der Neuen Sachlichkeit<br \/>\n(Sarah Leinweber)<\/p>\n<p>Septemberschrei: Ludwig Meidners k\u00fcnstlerische Selbstinszenierung im Medium Buch<br \/>\n(Daniela Leykam)<\/p>\n<p>Gesten der Ber\u00fchrung \u2013 Subjektive Oberfl\u00e4chen in Josephine Prydes Hands \u201ef\u00fcr mich\u201d<br \/>\n(Franziska Linhardt)<\/p>\n<p>Architecture of Exhibitions: The Everyday and Post-Modernist Critique<br \/>\n(Elisa R. Linn)<\/p>\n<p>Subjekte und Objekte des ausgestellten Protests. Pr\u00e4sentation, Partizipation und Positionierung im Museum des 21. Jahrhunderts<br \/>\n(Paula Loem)<\/p>\n<p>You Can Win If You Want: Worldbuilding as artistic practice, Fabulations as abstract exhibition objects and games as narrative mediums in the exhibition project \u201cSecurity Street\u201d.<br \/>\n(Nelli Lorenson)<\/p>\n<p>Unbaptized Earth \u2013 Anna Mendieta and Spiritual Becomings<br \/>\n(Milena Maffei)<\/p>\n<p>Ausstellungspraktiken zur Wiederentdeckung\/ Erinnerung von\/an K\u00fcnstlerInnen aus dem Exil (1933\u20131945)<br \/>\n(Asta von Mandelsloh)<\/p>\n<p>Kunstinstitutionen im D\u00e9partement Seine-Saint-Denis: Freir\u00e4ume f\u00fcr alle oder Gentrifizierungsbestreben auf dem Weg zu Grand Paris?<br \/>\n(Anna Helena Marckwald)<\/p>\n<p>Narrative der Moderne im Kalten Krieg: Die Rezeption der Br\u00fccke in BRD und DDR. Eine Analyse zweier Ausstellungen der Nationalgalerie(n) Berlin<br \/>\n(C\u00e9line Marten)<\/p>\n<p>Fighter in Crisis? Military Masculinities in Post-Internet Art: Case Studies of Harun Farocki\u2019s Serious Games (2009\/2010), Hito Steyerl\u2019s Dancing Mania (SocialSim) (2020) and Thomas Hirschhorn\u2019s Fake It, Fake It \u2013 Till you Fake it (2023)<br \/>\n(Pauls Ma\u00df)<\/p>\n<p>Socio-political Influence on Sanja Ivekovi\u0107: Artistic Resistance and Feminist Representation<br \/>\n(Jalena Mati\u010di\u0107)<\/p>\n<p>Staging Painting \u2013 Neue Formen der Malerei im 21. Jahrhundert<br \/>\nExhibition: Restless in the Barn, Cosima von Bonin \/ Jana Euler \/ Anne Imhof \/ Lucie Stahl, Nassauischer Kunstverein Wiesbaden<br \/>\n(Oona-Lea von Maydell)<\/p>\n<p>Yael Bartana aus der Perspektive des Queer Post-Cinema: Mary Koszmary (Alptr\u00e4ume)<br \/>\n(Muriel Meyer)<\/p>\n<p>Alina Szapocznikow \u2013 Der K\u00f6rper als formbare Substanz<br \/>\n(Susanne Mierzwiak)<\/p>\n<p>Critical Liveness: Cally Spooner\u2019s And You Were Wonderful, On Stage (2013-2015)<br \/>\n(Clare Molloy)<\/p>\n<p>Ausstellen des \u201aUntergrunds\u2018. Gabriele St\u00f6tzers fotografische Praxis der fr\u00fchen 1980er-Jahre in Erfurt<br \/>\n(Claire Marie M\u00fcller)<\/p>\n<p>Glaube, Licht und zeitgen\u00f6ssische Kunst im sakralen Raum. Gerhard Richters Glasfenster im S\u00fcdquerhaus des K\u00f6lner Doms und ihre Rezeption<br \/>\n(Sarah M\u00fcller)<\/p>\n<p>Teil der Bewegung? Politiken der Performativit\u00e4t, der Partizipation und des K\u00f6rpers bei Franz Erhard Walther, Charlotte Posenenske und Valie EXPORT um &#8217;68<br \/>\n(Nora Neuhaus)<\/p>\n<p>\u201c..mais la vraie condition de l\u2019homme, c\u2019est de penser avec ses mains!\u201d Zur Symbolik der Hand in Jean-Luc Godards HISTOIRE(S) DU CIN\u00c9MA<br \/>\n(Emily Nill)<\/p>\n<p>Roman Signers k\u00fcnstlerische Aneignung von Umwelt im Kontext von dynamischen \u00d6kosystemen in den 1970er und 1980er-Jahren. Kunst und \u00d6kologie im Spannungsfeld zwischen Techno-Optimismus und Postapokalypse.<br \/>\n(Celena Ohmer)<\/p>\n<p>Der Begriff des Amateurs in zeitgen\u00f6ssischer Kunst<br \/>\n(Marie Oucherif)<\/p>\n<p>Das Fotobuch als \u201e\u00dcbungsatlas\u201c? Die Neue Sachlichkeit in Benjamins \u201eKleine Geschichte der Photographie\u201c<br \/>\n(Sonja Palade)<\/p>\n<p>A Future Less Than its Past? Architecture of the Museum of Modern Art, New York: 1929 \u2013 2004<br \/>\n(Ariel Pate)<\/p>\n<p>Nach\u00e4ffung oder Nachfolge. Eine postkoloniale Kritik der \u201eKritik der Urteilskraft\u201c Immanuel Kants<br \/>\n(Seda Pesen)<\/p>\n<p>Resonanz als Horizont \u2013 Kuratorische Strategien im MMK (2018-2023)<br \/>\n(Sebastian Peter)<\/p>\n<p>Unpacking Europe: Europe as \u2018the Other\u2019 Contextualization and Analysis of the Exhibition\u2019s Memory Politics<br \/>\n(Anastasia Remes)<\/p>\n<p>Die verletzte Epidermis \u2013 die Hautportr\u00e4ts von Seth Price, Ed Atkins und<br \/>\nShahryar Nashat als Anomalie der Gegenwart(-skunst)<br \/>\n(Kerstin Renerig)<\/p>\n<p>Die politischen Funktionen von Kunstkritik in der Groupe d\u2019action d\u2019art (Paris, 1906-20)<br \/>\n(Annabel Ruckdeschel)<\/p>\n<p>Die Narrative des Sockels in der zeitgen\u00f6ssischen Kunst am Beispiel von John McCracken, Heimo Zobernig und Shahryar Nashat<br \/>\n(Marina R\u00fcdiger)<\/p>\n<p>Die Bedeutungen der Sprachwahl f\u00fcr Ausstellungstexte.Eine Analyse des Asian Civilisations Museum in Singapur<br \/>\n(Alessa S\u00e4nger)<\/p>\n<p>Bewusstsein und Erinnern. Die Verarbeitung von Gewalt gegen Frauen in der lateinamerikanischen Performancekunst<br \/>\n(Larissa Scheidt)<\/p>\n<p>Wandel und Konstanz im St\u00e4del Museum als Spiegel neuer Museumskonzeptionen im 19. Jahrhundert<br \/>\n(Maite Schenten)<\/p>\n<p>SPACE \/ SCREEN Moving Image in the Public Sphere. Eine Betrachtung situativer Displays<br \/>\n(Sophia Scherer)<\/p>\n<p>Shaker M\u00f6bel im Kontext zeitgen\u00f6ssischer Kunst<br \/>\n(Anna-Lisa Scherfose)<\/p>\n<p>Kunst der Erinnerung. Jochen Gerz\u2019 Installation EXIT. Das Dachau-Projekt (1972\/1974) im Kontext von Musealisierungs- und Erinnerungsdiskursen zur Gedenkst\u00e4tte Dachau in den 1970er Jahren<br \/>\n(Laura Josephine Schilling)<\/p>\n<p>Daniel Boyd und die Opazit\u00e4t der Malerei<br \/>\n(Leonie Schmiese)<\/p>\n<p>Das Blaue Haus in Hofheim \u2013 privater Wohnsitz, Refugium und K\u00fcnstlerst\u00e4tte<br \/>\n(Louisa Schmitt)<\/p>\n<p>Expansion in die Tr\u00e4germedien. Bestimmung der konzeptuellen Verfahren im Werk von Christopher Williams<br \/>\n(Sebastian Schneider)<\/p>\n<p>Bodies of Water in Wangechi Mutus Kunst. \u00dcber Wassermotive und hydrofeministische Tendenzen<br \/>\n(Dana Sch\u00fctte)<\/p>\n<p>Zwischen Ideal und Wirklichkeit \u2013 Die B\u00fcrger als neue Auftraggeber der Kunst \u2013 Eine Diskussion zum Programm der \u201cNeue Auftraggeber\u201d am Fallbeispiel Le Lavoir de Blessey (2007)<br \/>\n(Carolin Schulz)<\/p>\n<p>Keine Spur vom Individuum? Christian Boltanski und Henrik Olesen pr\u00e4sentieren Pers\u00f6nlichkeit als visuelle Ordnung<br \/>\n(Benedikt Seerieder)<\/p>\n<p>Fleshing out Laughter: Formless Creatures after Jack Smith<br \/>\n(Jose Segebre)<\/p>\n<p>Mediation of Sami Culture \u2013 Instruments of the Past and Today<br \/>\n(Juliane Seidl)<\/p>\n<p>Die Portr\u00e4tsammlung Grohte im Historischen Museum Franfurt. Eine Sammlung druckgraphischer Gelehrten- und Autorenbildnisse im Kontext zeitgen\u00f6ssischer Sammlepraxis\u201d<br \/>\n(Caroline Seyfrid (geb. Sch\u00e4fer))<\/p>\n<p>Die Form der Zeit in Ausstellungen. Asynchrones Kuratieren und Ausstellungen als Zeitlichkeitsproduktion<br \/>\n(Leonore Spemann)<\/p>\n<p>Instituieren. Para\u2013Strukturen im Kunstfeld am Beispiel der Projektr\u00e4ume am K\u00f6lner Ebertplatz<br \/>\n(Sofia Steffens)<\/p>\n<p>Thesaurus \u2013 Politiken des Suchens und Findens. Zur Genese der Sammlung Visuelle Anthropologie und ihres Dokumentationssystems<br \/>\n(Lea Steinkampf)<\/p>\n<p>Das Wollheim Memorial auf dem Campus der Goethe-Universit\u00e4t Frankfurt<br \/>\n(Clara Sterzinger-Killermann)<\/p>\n<p>Das Beiwerk im Fokus \u2013 Blumenbouquets in der Gegenwartskunst. Eine kulturhistorische Dekonstruktion am Beispiel der Arbeiten von Kapwani Kiwanga und Willem de Rooij<br \/>\n(Anna Straetmans)<\/p>\n<p>Curatorial approaches to outsider art since 1938<br \/>\n(Teodora Talhos)<\/p>\n<p>\u201cLes Immat\u00e9riaux\u201d als Beispiel einer diskursiven Ausstellung<br \/>\n(Jan Tappe)<\/p>\n<p>The cinematic in the work of Lygia Pape \u2013 An anthropophagic banquet<br \/>\n(Laura Teixeira)<\/p>\n<p>Towards a Critical Vocabulary of Embodiment. An Analysis of Authorship and the Physical Body in Digital Space<br \/>\n(Milan Ther)<\/p>\n<p>Nach der vierten Wand \u2013 Zur Modulation von Distanz in performativen Situationen<br \/>\n(Julia Thiemann)<\/p>\n<p>Memory lapses. Voids in and around the public statue \u201cSolitude\u201d (2007) by Nicolas Alquin<br \/>\n(Isabelle Tondre)<\/p>\n<p>Zeugenschaft in zeitgen\u00f6ssischen Videoarbeiten<br \/>\n(Vivien Trommer)<\/p>\n<p>Site, nonsite and geographical imagination<br \/>\n(Bernard Vienat)<\/p>\n<p>Die gef\u00fchlte Stadt.Zur Entstehung des Frankfurter Modellls im Historischen Museum Frankfurt und seine Funktion im Kontext der Dauerausstellung<br \/>\n(Lisa Voigt)<\/p>\n<p>Gro\u00dfe Deutsche Kunstausstellung. Zur Subjekt-Werdung der Besuchenden in den Ausstelungsr\u00e4umen<br \/>\n(Maximilian Wahlich)<\/p>\n<p>The (Un)expected Guest. Reflexion eines Artist-in-Residence-Prog<br \/>\n(Eike Walkenhorst)<\/p>\n<p>K\u00fcnstlerische Forschung im ethnologischen Museum. Peggy Buths Fotoserie \u201eDesire in Representation\u201c<br \/>\n(Lea Weckert)<\/p>\n<p>Art and Objecthood: Studien zu Cady Noland<br \/>\n(Katrina Weissenborn)<\/p>\n<p>Zwischen (Un-)Vers\u00f6hnlichkeit und Rache: eine Analyse mit Blick auf Hagar Ophirs &#8220;Recalling History, Sitting III: Gentle Revenge&#8221;<br \/>\n(Johanna Wei\u00df)<\/p>\n<p>Curating, Augmenting, Listening: Virtual Possibilities in Public Space Art<br \/>\n(Ben Livne Weitzmann)<\/p>\n<p>Auf Messers Schneide? Visualisierungen weiblicher \u2018Geschlechtsnatur\u2019 in Gabriel von Maxens \u201cDer Anatom\u201d (1869)<br \/>\n(Miriam Wilhelm)<\/p>\n<p>K\u00fcnstlerb\u00fccher \u2013 Kunstzeitschriften \u2013 K\u00fcnstlerinterviews. Kunst und Kommunikation: Historische Perspektive, Bedeutung und Verschr\u00e4nkung in der Gegenwart<br \/>\n(Eveline W\u00fcthrich)<\/p>\n<p>Curating Artistic Acts: Merging Public Programming and Exhibition Making Analysis of \u201cPoetry Readings\u201d and \u201cWriters Residency\u201d of dOCUMENTA (13)<br \/>\n(Didem Yazici)<\/p>\n<p>The world at a safe distance: Limits and opportunities in reframing Lenbachhaus\u2019 Blauer Reiter collection through a global perspective<br \/>\n(Victor Vel\u00fa Fonseca Zaiden Soares)<\/p>\n<p>In Napoleons Schatten. Eine dokumentenbasierte Analyse der T\u00e4tigkeit Andrea Appianis unter der napoleonischen Regierung: Kunstraub und Propaganda<br \/>\n(Serena Zanaboni)<\/p>\n<p>\u201c\u00dcber die physischen Grenzen hinaus\u2026\u201d Digitalisierung und das \u00f6ffentliche Kunstmuseum. Die Digitale Erweiterung des St\u00e4del Museums<br \/>\n(Anton Zscherpe)<\/p>\n","protected":false},"excerpt":{"rendered":"The following topics have been dealt with by candidates in their master&#8217;s theses. Alongside the theoretical thesis many of our students also developed a curatorial project. Die Wohnungsausstellung als kuratorisches Konzept: Zwei Entwicklungen in West-Europa und Russland seit den 1950er-Jahren bis heute (Olga Appel (geb. Inozemtceva)) Demokratisiert Technologie die Kunstwelt? Eine historische Herleitung und Betrachtung&#8230; <a class=\"view-article\" href=\"https:\/\/www.kuratierenundkritik.net\/en\/alumni\/masters-theses\/\">View Article<\/a>","protected":false},"author":1,"featured_media":0,"parent":240,"menu_order":0,"comment_status":"closed","ping_status":"closed","template":"template-standardkk.php","meta":{"footnotes":""},"class_list":["post-242","page","type-page","status-publish","hentry"],"acf":[],"_links":{"self":[{"href":"https:\/\/www.kuratierenundkritik.net\/en\/wp-json\/wp\/v2\/pages\/242","targetHints":{"allow":["GET"]}}],"collection":[{"href":"https:\/\/www.kuratierenundkritik.net\/en\/wp-json\/wp\/v2\/pages"}],"about":[{"href":"https:\/\/www.kuratierenundkritik.net\/en\/wp-json\/wp\/v2\/types\/page"}],"author":[{"embeddable":true,"href":"https:\/\/www.kuratierenundkritik.net\/en\/wp-json\/wp\/v2\/users\/1"}],"replies":[{"embeddable":true,"href":"https:\/\/www.kuratierenundkritik.net\/en\/wp-json\/wp\/v2\/comments?post=242"}],"version-history":[{"count":15,"href":"https:\/\/www.kuratierenundkritik.net\/en\/wp-json\/wp\/v2\/pages\/242\/revisions"}],"predecessor-version":[{"id":1827,"href":"https:\/\/www.kuratierenundkritik.net\/en\/wp-json\/wp\/v2\/pages\/242\/revisions\/1827"}],"up":[{"embeddable":true,"href":"https:\/\/www.kuratierenundkritik.net\/en\/wp-json\/wp\/v2\/pages\/240"}],"wp:attachment":[{"href":"https:\/\/www.kuratierenundkritik.net\/en\/wp-json\/wp\/v2\/media?parent=242"}],"curies":[{"name":"wp","href":"https:\/\/api.w.org\/{rel}","templated":true}]}}