{"id":240,"date":"2023-11-08T23:49:28","date_gmt":"2023-11-08T22:49:28","guid":{"rendered":"https:\/\/curstud.hs-fhg2.geschichte.uni-frankfurt.de\/?page_id=240"},"modified":"2026-03-16T19:29:53","modified_gmt":"2026-03-16T18:29:53","slug":"alumni","status":"publish","type":"page","link":"https:\/\/www.kuratierenundkritik.net\/en\/alumni\/","title":{"rendered":"Alumni"},"content":{"rendered":"<p>Here you can inscribe to our <a href=\"https:\/\/dlist.server.uni-frankfurt.de\/mailman\/listinfo\/alumni.curatorial-studies\" target=\"_blank\" rel=\"noopener\">mailing list for alumni<\/a>.<\/p>\n<p>Our graduates have found positions in museums, Kunstvereine (art societies), galleries, art academies or numerous other cultural institutions in Germany and abroad; several of our graduates work as freelance curators and some are pursuing further studies at the doctoral level, for example:<\/p>\n<p>&nbsp;<\/p>\n<p>Olga Appel (Inozemtceva) M.A., basis e.V. and independant Curator, Frankfurt<\/p>\n<p>Maike Banaski M.A., Staff member at Universit\u00e4tsarchiv der Goethe Universit\u00e4t, Frankfurt<\/p>\n<p>Christian B\u00e4tjer M.A., Communication and Publications, Kunstverein, Hamburg<\/p>\n<p>Dr. Marie Sophie Beckmann, postdoctoral researcher and lecturer, Institute of Art and Visual Culture, Carl von Ossietzky University Oldenburg<\/p>\n<p>Louisa Behr M.A., PhD Student, Institute of Theater Studies, University Bern<\/p>\n<p>Luisa Benzinger, Kulturabteilung der Stadt Heilbronn, Bereich Erinnerungskultur<\/p>\n<p>Miriam Bettin M.A., Director, M\u00f6nchehaus Museum Goslar<\/p>\n<p>Wen Bi M.A., Curatorial Assistance, M+, Hong Kong<\/p>\n<p>Mike Bill M.A., Research Assistant, DFG-Graduiertenkolleg \u201eArchitekturen Organisieren\u201c, Kunstgeschichtliches Institut, Goethe University Frankfurt<\/p>\n<p>Dr. Juliane Bockwoldt, Librarian, Marinemuseet, Horten, Norwegen<\/p>\n<p>Tomke Braun M.A., Programmb\u00fcro, Akademie der K\u00fcnste, Berlin<\/p>\n<p>Dr. Sina Br\u00fcckner-Amin, Deputy Director, Archive, Deutsches Museum von Meisterwerken der Naturwissenschaft und Technik (Ad\u00f6R), M\u00fcnchen<\/p>\n<p>Dennis Brzek M.A., Director, Mies van der Rohe Haus, Berlin<\/p>\n<p>Layla Burger-Lichtenstein M.A., Project Manager and Curator, Neuer Berliner Kunstverein<\/p>\n<p>Sophie Buscher M.A., Referentin f\u00fcr Bildende Kunst, Kultur und Heimatpflege Bezirk Schwaben, Augsburg<\/p>\n<p>Sarah Crowe M.A., Assistant Curator, Kunsthalle Vienna<\/p>\n<p>Adela Demetja M.A., Director, National Gallery of Art, Tirana, Albania<\/p>\n<p>Theresa Dettinger M.A., Assistant Curator, Schirn Kunsthalle Frankfurt<\/p>\n<p>Nadine Droste M.A., Cultural Program, Goethe Institute Belgium<\/p>\n<p>Line Ebert M.A., Curator, Kunstverein M\u00fcnchen<\/p>\n<p>Silas Edwards M.A., PhD Student, Graduiertenzentrum f\u00fcr Kulturwissenschaften, Justus Liebig University, Giessen<\/p>\n<p>Anna Eschbach M.A., Researcher, The University of Art and Design Linz<\/p>\n<p>Annika Etter M.A., Artistic Assistant, Sculpture, HfG Offenbach<\/p>\n<p>Maren Feller, M.A., Research Assistant Media Studies, Goethe Univiersity Frankfurt<\/p>\n<p>Rose Field M.A., Project Coordinator, KfW Foundation, Frankfurt<\/p>\n<p>Lukas Flygare M.A., Chief Curator,\u00a0mumok Museum moderner Kunst Stiftung Ludwig, Vienna<\/p>\n<p>Julia Friedel M.A., Custodian, Weltkulturen Museum, Frankfurt<\/p>\n<p>Oc\u00e9ane Gonnet M.A., Art in the museum: Kunstgeschichte \u2013 Kunstvermittlung \u2014 Ausstellung \u2014 Museumsforschung<\/p>\n<p>Andr\u00e9s Gorzycki M.A., Scholarship Holder, National Funds for the Arts, Argentina<\/p>\n<p>Hannah Grimmer M.A., Research Associate, University Kassel<\/p>\n<p>Cosima Grosser M.A, Independant Curator, Hamburg<\/p>\n<p>Alice Gustson M.A., Head of Media and Communication, The New Institute, Hamburg<\/p>\n<p>Mailin Haberland M.A., Documentation and Inventory, Ludwig Forum Aachen<\/p>\n<p>D\u00e9sir\u00e9e Hailzl M.A., Bildrecht, Wien<\/p>\n<p>Ramona Heinlein M.A., Press and Communication, Secession, Vienna; Lecturer, University of Arts Linz and University of Applied Arts Vienna<\/p>\n<p>Teresa Heinzelmann M.A., PhD Student, Goethe University Frankfurt<\/p>\n<p>Janette Helm M.A., Research Associate, Linden-Museum Stuttgart<\/p>\n<p>Franz Hempel M.A., Production Management, CCA Berlin \u2013 Center for Contemporary Arts<\/p>\n<p>Peter Hess M.A., Assistant Curator and Assistant Project Manager, 13. Berlin Biennale for Contemporary Art<\/p>\n<p>Sarah Heuberger M.A., PhD Student, Hochschule f\u00fcr bildende K\u00fcnste, Hamburg<\/p>\n<p>Alke Heykes, St\u00e4dtisches Museum Abteiberg, M\u00f6nchengladbach<\/p>\n<p>Beatrice Hilke M.A.,\u00a0Curator, Haus am Waldsee, Berlin<\/p>\n<p>Dierk H\u00f6hne M.A., Curator, Kunstmuseum Stuttgart<\/p>\n<p>Tizian Holzbach M.A., Assistant Curator, Kunstmuseum Bonn<\/p>\n<p>Nina Huber M.A., ifa Institut f\u00fcr Auslandsbeziehungen (Institute for international cultural relations), Stuttgart<\/p>\n<p>Klara H\u00fclskamp M.A., Artistic Director, Kunstverein Harburger Bahnhof, Hamburg<\/p>\n<p>Alexandra K\u00f6nig M.A., Research Associate, Staatsgalerie Stuttgart<\/p>\n<p>Marenka Krasomil M.A., feldf\u00fcnf e.V, Berlin<\/p>\n<p>Philipp Lange M.A., Independent Curator and Head of Management, KW Freunde e.V., KW Institute for Contemporary Art \/ Berlin Biennale<\/p>\n<p>Malina Lauterbach M.A., Research Assistant, Institute of Art History, Goethe-University, Frankfurt<\/p>\n<p>Daniela Leykam M.A., Programme manager Kunst &amp; Kultur, KfW Stiftung, Frankfurt<\/p>\n<p>Franziska Linhardt M.A., Curator, Museum Brandhorst, Munich<\/p>\n<p>Elisa R. Linn M.A., Lecturer in Exhibition Culture and Public Space, Bard College Berlin<\/p>\n<p>Paula Loem M.A., Assistant Curator, Historisches Museum Frankfurt<\/p>\n<p>Asta von Mandelsloh M.A., PhD Student and Research Assistant, Research Training Group \u201eNormativit\u00e4t, Kritik, Wandel\u201c, Freie Universit\u00e4t Berlin; Author<\/p>\n<p>Anna Marckwald, Assistant Curator, Kunsthalle Wien<\/p>\n<p>C\u00e9line Marten M.A., PhD Student, Institute of Art History, University Bonn; Research Associate Collection and Exhibitions, Museum Barberini, Potsdam<\/p>\n<p>Jelena Mati\u010di\u0107, Curator, ZKM Center for Art and Media, Karlsruhe<\/p>\n<p>Oona-L\u00e9a von Maydell M.A., Curator, Cologne<\/p>\n<p>Muriel Meyer M.A., Curator, Kunsthalle zu Kiel<\/p>\n<p>Susanne Mierzwiak M.A., Curator an Project Manager, Neuer Berliner Kunstverein<\/p>\n<p>Clare Molloy M.A., Curator, Groninger Museum, Groningen<\/p>\n<p>Claire Marie M\u00fcller M.A., Volont\u00e4rin, Museum f\u00fcr Kunst &#038; Gewerbe Hamburg<\/p>\n<p>Emily Nill M.A., PhD Student and Research Associate, Institute for Art History, Art Theory and Aesthetics, Berlin University of the Arts; Berlin Review<\/p>\n<p>Celena Ohmer M.A., tinyBE, Wiesbaden &#8211; Berlin<\/p>\n<p>Marie Oucherif M.A., Artistic Director and Curator, K:H K\u00fcnstler:innenhaus, Bremen<\/p>\n<p>Sonja Palade M.A., Research Fellow, Foundation Ann and J\u00fcrgen Wilde, Bayerische Staatsgem\u00e4ldesammlungen, M\u00fcnchen<\/p>\n<p>Ariel Pate M.A., Assistant Curator of Photography, Milwaukee Art Museum<\/p>\n<p>Seda Pesen M.A., PhD Student in the FWF\/DFG project &#8220;The Museum Gaze&#8221; at the Laboratory for Empirical Visual Studies, Institute of Art History, University of Vienna; independent author<\/p>\n<p>Sebastian Peter M.A., Assistant Curator, Kunstsammlung Nordrhein-Westfalen, Dusseldorf<\/p>\n<p>Dr. Anastasia Remes, Archivist, Historical Archives of the European Union, Florence<\/p>\n<p>Kerstin Renerig M.A., Assistant Curator, Museum Ludwig, K\u00f6ln<\/p>\n<p>Dr. Annabel Ruckdeschel, Research Associate, Institute of Art History, Justus Liebig University Giessen<\/p>\n<p>Marina R\u00fcdiger M.A., Independant Curator and PhD Candidate, University of Cologne<\/p>\n<p>Mait\u00e9 Schenten M.A., Project Coordinator for Culture, Oeuvre nationale de Secours Grande-Duchesse Charlotte, Leudelingen, Luxembourg<\/p>\n<p>Sophia Scherer M.A., Research Assistant \/ Curator nova space, University gallery, Bauhaus-University Weimar<\/p>\n<p>Anna-Lisa Scherfose M.A., Research Assistant, Kunsthochschule Kassel and Independant Curator, Project Manager and Managing Director of BPA (Berlin program for artists), Berlin<\/p>\n<p>Laura Josefine Schilling M.A., Research Assistant, Internationales Graduiertenkolleg \u201eBelongings. <span lang=\"EN-US\">Jewish Material Culture in Twentieth-Century Europe and Beyond&#8221;, Un<\/span><span lang=\"EN-US\">iversity Leipzig<\/span><\/p>\n<p>Leonie Schmiese M.A., Curator, Kunstverein N\u00fcrnberg; Founder, project space klix, Berlin<\/p>\n<p>Dana Sch\u00fctte M.A., Curatorial Assistant, Fridericianum, Kassel<\/p>\n<p>Carolin Schulz M.A., nGbK neue Gesellschaft f\u00fcr bildende Kunst, Berlin<\/p>\n<p>Benedikt Seerieder M.A., Curator, Museum Brandhorst, Munich<\/p>\n<p>Dr. des. Jos\u00e9 Segebre, Lecturer, NYU Berlin<\/p>\n<p>Carolin Seyfrid (geb. Sch\u00e4fer) M.A., PhD Student, Goethe University Frankfurt<\/p>\n<p>Leonore Spemann M.A., Curatorial Assistant of the Director, Kunstsammlung Nordrhein-Westfalen<\/p>\n<p>Lea Steinkampf M.A., Provenance Research, Museen Stade<\/p>\n<p>Dr. des. Clara Sterzinger-Killermann, Historian, Munich<\/p>\n<p>Anna Straetmans M.A., Sustainable and Climate-Neutral Collecting and Exhibiting, Berlinische Galerie, Berlin<\/p>\n<p>Teodora Talhos M.A., ifa Institut f\u00fcr Auslandsbeziehungen, Regional Coordinator for South-East Europe<\/p>\n<p>Jan Tappe M.A., Kulturreferent, Afro-Asiatisches Institut, Graz<\/p>\n<p>Laura Teixeira M.A., Research Associate of the Graduate Fellowship &#8220;Konfigurationen des Films&#8221; and DFF &#8211; Deutsches Filminstitut &amp; Filmmuseum, Frankfurt<\/p>\n<p>Milan Ther M.A., Director, Kunstverein in Hamburg<\/p>\n<p>Isabelle Tondre M.A., Assistant Curator, Kunstsammlung NRW, D\u00fcsseldorf<\/p>\n<p>Dr. Vivien Trommer, Head of Collection and Curator, Kunstsammlung Nordrhein-Westfalen, D\u00fcsseldorf<\/p>\n<p>Bernard Vienat M.A., art-werk, Geneva<\/p>\n<p>Maximilian Wahlich M.A., Assistant Curator, Bauhaus-Archiv Museum f\u00fcr Gestaltung, Berlin<\/p>\n<p>Lea Weckert M.A., Research Assistant, Contemporary Art History, University Siegen<\/p>\n<p>Katrina Weissenborn M.A., Social Media Management, Kunstmuseum Bern &#8211; Zentrum Paul Klee<\/p>\n<p>Johanna Wei\u00df M.A., Director, J\u00fcdisches Kulturmuseum, Veitsh\u00f6chheim; Artistic Director, Artist in Residency Programm der SchUM-St\u00e4tte e.V.; Member, Young Forum, AEJM<\/p>\n<p>Ben Livne Weitzman M.A., Glenkeen Garden Residencies, Crespo Foundation; editor-at-large, Passe-Avant; Curator, Frankfurt<\/p>\n<p>Miriam-Eva Wilhelm M.A., PhD Student of the DFG-Graduate Fellowship, Carl von Ossietzky Universit\u00e4t Oldenburg<\/p>\n<p>Didem Yazici M.A., Director of Curatorial Programs, Yapi Kredi Culture and Arts, Istanbul<\/p>\n<p>Victor Zaiden M.A., Curatorial Assistant to the Director, Kunstsammlung Nordrhein-Westfalen, Dusseldorf<\/p>\n<p>Serena Zanaboni M.A., Cooperation on \u201eGiuseppe Bossi\u201c, exhibition and research project, Klassik Stiftung Weimar, PhD Student, Kunstgeschichtliches Institut of Technische Universit\u00e4t Berlin<\/p>\n<p>Anton Zscherpe M.A., RAA Demokratie und Bildung Mecklenburg-Vorpommern e. V.<\/p>\n<p>&nbsp;<\/p>\n<p>Some of our graduates have founded their own projects and galleries:<\/p>\n<p>Adela Demetja M.A., Tirana Art Lab \u2013 Center for Contemporary Art, Tiran\u00eb<br \/>\nFurther information: <a href=\"http:\/\/www.tiranaartlab.org\/en\" target=\"_blank\" rel=\"noopener\">http:\/\/www.tiranaartlab.org\/en<\/a><\/p>\n<p>Anna Eschbach M.A., I: project space, Bejing<br \/>\nFurther information: <a href=\"http:\/\/www.yi-projectspace.org\/\" target=\"_blank\" rel=\"noopener\">http:\/\/www.yi-projectspace.org\/<\/a><\/p>\n<p>Aviva Kaminer M.A.<br \/>\nFurther information: <a href=\"http:\/\/www.avivakaminer.com\/\" target=\"_blank\" rel=\"noopener\">http:\/\/www.avivakaminer.com\/<\/a><\/p>\n<p>Eveline W\u00fcthrich M.A., K\u00fcnstlerbuchmesse \u201eNever read\u201c, Basel<br \/>\nFurther information: <a href=\"http:\/\/www.ineverread.com\/\" target=\"_blank\" rel=\"noopener\">http:\/\/www.ineverread.com\/<\/a><\/p>\n","protected":false},"excerpt":{"rendered":"Here you can inscribe to our mailing list for alumni. Our graduates have found positions in museums, Kunstvereine (art societies), galleries, art academies or numerous other cultural institutions in Germany and abroad; several of our graduates work as freelance curators and some are pursuing further studies at the doctoral level, for example: &nbsp; Olga Appel&#8230; <a class=\"view-article\" href=\"https:\/\/www.kuratierenundkritik.net\/en\/alumni\/\">View Article<\/a>","protected":false},"author":1,"featured_media":0,"parent":0,"menu_order":0,"comment_status":"closed","ping_status":"closed","template":"template-standardkk.php","meta":{"footnotes":""},"class_list":["post-240","page","type-page","status-publish","hentry"],"acf":[],"_links":{"self":[{"href":"https:\/\/www.kuratierenundkritik.net\/en\/wp-json\/wp\/v2\/pages\/240","targetHints":{"allow":["GET"]}}],"collection":[{"href":"https:\/\/www.kuratierenundkritik.net\/en\/wp-json\/wp\/v2\/pages"}],"about":[{"href":"https:\/\/www.kuratierenundkritik.net\/en\/wp-json\/wp\/v2\/types\/page"}],"author":[{"embeddable":true,"href":"https:\/\/www.kuratierenundkritik.net\/en\/wp-json\/wp\/v2\/users\/1"}],"replies":[{"embeddable":true,"href":"https:\/\/www.kuratierenundkritik.net\/en\/wp-json\/wp\/v2\/comments?post=240"}],"version-history":[{"count":99,"href":"https:\/\/www.kuratierenundkritik.net\/en\/wp-json\/wp\/v2\/pages\/240\/revisions"}],"predecessor-version":[{"id":1852,"href":"https:\/\/www.kuratierenundkritik.net\/en\/wp-json\/wp\/v2\/pages\/240\/revisions\/1852"}],"wp:attachment":[{"href":"https:\/\/www.kuratierenundkritik.net\/en\/wp-json\/wp\/v2\/media?parent=240"}],"curies":[{"name":"wp","href":"https:\/\/api.w.org\/{rel}","templated":true}]}}