{"id":216,"date":"2023-11-08T22:57:01","date_gmt":"2023-11-08T21:57:01","guid":{"rendered":"https:\/\/curstud.hs-fhg2.geschichte.uni-frankfurt.de\/?page_id=216"},"modified":"2025-09-01T14:07:03","modified_gmt":"2025-09-01T12:07:03","slug":"watercooler-talks","status":"publish","type":"page","link":"https:\/\/www.kuratierenundkritik.net\/en\/courses\/watercooler-talks\/","title":{"rendered":"Water Cooler Talks"},"content":{"rendered":"<p>On the occasion of the annual exhibition (Rundgang) at the St\u00e4delschule, the students of the master\u2019s program Curatorial Studies invite curators, artists and institutional agents in the art field to public conversations in the school\u2019s auditorium. The following talks were realized in the past:<\/p>\n<p>07.\/09.02.2025: Beg\u00fcm Inal and Ivan Murzin in conversation with Egor Miroshnichenko und Alexandra R\u00fccker (Curatorial Studies); guided tour through the archives of St\u00e4delschule with Christin Gro\u00df-Narten; Barbara Clausen and Anna Wagner in conversation with Leonie Cecco und Max Zimmermann (Curatorial Studies).<\/p>\n<p>10.02.2024: Workshops, performances, readings with Hendrik Arns, Koon Kwon, Ming Yuan and Augustine Paredes, accompanied by Sunny Pfalzer.<\/p>\n<p>10.02.-12.02.2023: Caroline Busta, moderated by Jil Gielessen (Curatorial Studies); Marie-Therese Bruglacher, moderated by Lea Kelsen (Curatorial Studies); Jana Euler, moderated by Louisa Wombacher (Curatorial Studies).<\/p>\n<p>18.02.-20.02.2022: Anika Meier and Kolja Reichert moderated by Franziska Giesecke and Paula Ma\u00df (Curatorial Studies); Yasmil Raymond in conversation with Esra Klein, Jeanne Nzakizabandi, Tizian Holzbach, Silas Edwards, Andr\u00e9s Gorzycki (Curatorial Studies); Liberty Adrien and Carina Bukuts moderated by Vivien K\u00e4mpf, Claire M\u00fcller and Radia Soukni (Curatorial Studies).<\/p>\n<p>14.02.\/15.02.2020: Uriel Orlow in conversation with Lina Louisa Kr\u00e4mer accompanied by Theresa Dettinger and Leonie Schmiese (Curatorial Studies), Yasmil Raymond and Haegue Yang moderated by Asta Mandelsloh and Johanna Wei\u00df (Curatorial Studies), Miriam Cahn in conversation with Philippe Pirotte, Lenka Kukurov\u00e1 and Bojana Kunst moderated by Anneliese Ostertag und Teodora Talho\u015f (Curatorial Studies).<\/p>\n<p>15.02.\/16.02.2019: Cl\u00e9mentine Deliss and Melanie Roumigui\u00e8re in conversation with Philipp Lange and Carlotta Wald (Curatorial Studies); Bunny Rogers with Pia Bendfeld and Alke Heykes (Curatorial Studies); Lynn Hershman Leeson with Philippe Pirotte; Harm van den Dorpel with Seda Pesen and Anna-Lisa Scherfose (Curatorial Studies).<\/p>\n<p>09.11.\/10.11.02.2018: Ulla Heinrich and Antje Krause-Wahl in conversation with Yevgeniy Breyger and Lea Steinkampf (Curatorial Studies); Gabi Ngcobo and Philippe Pirotte with Ben Livne Weitzman (Curatorial Studies); Christina Lehnert and Viktoria Draganova with Dennis Brzek (Curatorial Studies); Susanne Pfeffer and Johannes Paul Raether with Peter Hess (Curatorial Studies).<\/p>\n<p>03.\/04.06.2017: Rayan Abdullah in conversation with Sophie Buscher and Hannah Grimmer (Curatorial Studies); Kolja Reichert and Agnieszka Roguski with Alice Gustson and Maximilian Wahlich (Curatorial Studies); Martin Schmidl with Sina Br\u00fcckner and Isabelle Tondre (Curatorial Studies).<\/p>\n<p>13.\/14.02.2016: Sean Lynch in conversation with Line Ebert (Curatorial Studies), Il-Jin Atem Choi, Anders Dickson and Julian Irlinger with Franziska Linhardt and Bernard Vienat (Studierende Curatorial Studies); Vivien Trommer with Nora Neuhaus (Curatorial Studies).<\/p>\n<p>14.02.2015: Adela Demetja and Flaka Haliti in conversation with Muriel Meyer and Sebastian Schneider (Curatorial Studies); Peggy Buth, Johannes Will and Eveline W\u00fcthrich with Milena Maffei and Clara Sterzinger (Curatorial Studies), Alexander Baczynski-Jenkins and Fabian Sch\u00f6neich with Clare Molloy and Jos\u00e9 Segebre (Curatorial Studies).<\/p>\n<p>15.\/16.02.2014: Daniel Birnbaum and Philippe Pirotte in conversation with Milan Ther (Curatorial Studies); Susanne Pfeffer with Miriam Bettin and Jan Tappe (Curatorial Studies); Sophie von Olfers with Elena Frickmann and Felix Br\u00f6cker (Curatorial Studies).<\/p>\n","protected":false},"excerpt":{"rendered":"On the occasion of the annual exhibition (Rundgang) at the St\u00e4delschule, the students of the master\u2019s program Curatorial Studies invite curators, artists and institutional agents in the art field to public conversations in the school\u2019s auditorium. The following talks were realized in the past: 07.\/09.02.2025: Beg\u00fcm Inal and Ivan Murzin in conversation with Egor Miroshnichenko&#8230; <a class=\"view-article\" href=\"https:\/\/www.kuratierenundkritik.net\/en\/courses\/watercooler-talks\/\">View Article<\/a>","protected":false},"author":1,"featured_media":0,"parent":205,"menu_order":0,"comment_status":"closed","ping_status":"closed","template":"template-standardkk.php","meta":{"footnotes":""},"class_list":["post-216","page","type-page","status-publish","hentry"],"acf":[],"_links":{"self":[{"href":"https:\/\/www.kuratierenundkritik.net\/en\/wp-json\/wp\/v2\/pages\/216","targetHints":{"allow":["GET"]}}],"collection":[{"href":"https:\/\/www.kuratierenundkritik.net\/en\/wp-json\/wp\/v2\/pages"}],"about":[{"href":"https:\/\/www.kuratierenundkritik.net\/en\/wp-json\/wp\/v2\/types\/page"}],"author":[{"embeddable":true,"href":"https:\/\/www.kuratierenundkritik.net\/en\/wp-json\/wp\/v2\/users\/1"}],"replies":[{"embeddable":true,"href":"https:\/\/www.kuratierenundkritik.net\/en\/wp-json\/wp\/v2\/comments?post=216"}],"version-history":[{"count":6,"href":"https:\/\/www.kuratierenundkritik.net\/en\/wp-json\/wp\/v2\/pages\/216\/revisions"}],"predecessor-version":[{"id":1648,"href":"https:\/\/www.kuratierenundkritik.net\/en\/wp-json\/wp\/v2\/pages\/216\/revisions\/1648"}],"up":[{"embeddable":true,"href":"https:\/\/www.kuratierenundkritik.net\/en\/wp-json\/wp\/v2\/pages\/205"}],"wp:attachment":[{"href":"https:\/\/www.kuratierenundkritik.net\/en\/wp-json\/wp\/v2\/media?parent=216"}],"curies":[{"name":"wp","href":"https:\/\/api.w.org\/{rel}","templated":true}]}}