{"id":214,"date":"2023-11-08T22:32:16","date_gmt":"2023-11-08T21:32:16","guid":{"rendered":"https:\/\/curstud.hs-fhg2.geschichte.uni-frankfurt.de\/?page_id=214"},"modified":"2026-03-25T13:53:50","modified_gmt":"2026-03-25T12:53:50","slug":"publications","status":"publish","type":"page","link":"https:\/\/www.kuratierenundkritik.net\/en\/courses\/publications\/","title":{"rendered":"Publications"},"content":{"rendered":"<p>Worlds within Worlds, hg. v. Anne-Marie Beckmann, Stefanie Heraeus und Martin Liebscher, mit Beitr\u00e4gen von Leonie Cecco, Fanny Dommers, Mattis Thomsen u.a., Frankfurt 2026<\/p>\n<p>Tales of Water, accompanying booklet to the exhibition &#8220;Tales of Water&#8221; curated by the Curatorial Studies students, Hafen 2 Offenbach (04.07.2024).<br \/>\nBooklet<\/p>\n<p>Raqs Media Collective. All, Humans, hg. v. Stefanie Heraeus, mit Beitr\u00e4gen von Emma Bieck, Chiara Manon Bohn, Mara Aiko Bushill, Lena Fries, Jil Giele\u00dfen, Lea Kelsen, Amelie Kleinhubbert, Florina Klubach, Dalwin Kryeziu, Jae Eun Lee, Paula Loem, Jelena Mati\u010di\u0107, Emily Pretzsch, Carolin T\u00fcngler und Louisa Wombacher, Frankfurt am Main 2023.<br \/>\n<a href=\"https:\/\/www.kuratierenundkritik.net\/wp-content\/uploads\/2024\/04\/ALL-HUMANS_Booklet-komprimiert-1-1.pdf\">Booklet<\/a><\/p>\n<p>Three Course Menu, accompanying booklet to the exhibition curated by the Curatorial Studies students as part of Gasthof (4.-11.07.2022).<br \/>\n<a href=\"https:\/\/www.kuratierenundkritik.net\/wp-content\/uploads\/2024\/04\/THREE-COURSE-MENU_Booklet.pdf\">Booklet<\/a><\/p>\n<p>facets, faces, accompanying booklet to the exhibition curated by the Curatorial Studies students at fffriedrich (22.-31.20.2021).<br \/>\n<a href=\"https:\/\/www.kuratierenundkritik.net\/wp-content\/uploads\/2024\/04\/facets-faces-booklet-final-komprimiert-1.pdf\">Booklet<\/a><\/p>\n<p>W\u00f6rter, Sprache, Gespr\u00e4che ausstellen, hg. v. Stefanie Heraeus, mit Beitr\u00e4gen von Christina Lehnert, Bonaventure Soh Bejeng Ndikung, Philippe Pirotte, Stefanie Heraeus, Dennis Brzek, Sarah Heuberger, Lea Maria Steinkampf, Dana Sch\u00fctte, Leonore Spemann, Ben Livne-Weitzman, Laliv Melamed, Sarah Crowe, Vivien Trommer, Peter Hess, Yevgeniy Breyger, Klara H\u00fclskamp, Junia Thiede, Tomke Braun, Fiona Geu\u00df, Heike Gfrereis, Bielefeld 2021.<br \/>\n<a href=\"https:\/\/www.transcript-verlag.de\/detail\/index\/sArticle\/5830\" target=\"_blank\" rel=\"noopener\">https:\/\/www.transcript-verlag.de\/detail\/index\/sArticle\/5830<\/a><\/p>\n<p>The Biography of Things, hg. v. Anne-Marie Beckmann, Stefanie Heraeus und Martin Liebscher, mit Beitr\u00e4gen von Sina Br\u00fcckner-Amin, Hannah Grimmer, Alice Gustson, Dirk H\u00f6hne, Malina Lauterbach, Marie Oucherif u.a., Frankfurt 2018.<br \/>\n<a href=\"https:\/\/www.staedelschule.de\/de\/information\/publications\/the-biography-of-things\" target=\"_blank\" rel=\"noopener\">https:\/\/www.staedelschule.de\/de\/information\/publications\/&#8230;<\/a><\/p>\n<p>After facts. Pudding Explosion rearticulated, hg. v. Stefanie Heraeus, Philippe Pirotte und Fabian Sch\u00f6neich, mit Beitr\u00e4gen von Heinz Dr\u00fcgh, Nadine Hahn, Antje Krause-Wahl, Paul Maenz, Ellen Wagner u.a., Frankfurt 2018.<br \/>\n<a href=\"https:\/\/www.staedelschule.de\/de\/information\/publications\/after-facts-pudding-explosion-rearticulated\" target=\"_blank\" rel=\"noopener\">https:\/\/www.staedelschule.de\/de\/information\/&#8230;<\/a><br \/>\n<a href=\"https:\/\/www.kuratierenundkritik.net\/wp-content\/uploads\/2024\/04\/Afterfacts_publikation_final-komprimiert.pdf\">PDF<\/a><\/p>\n<p>Doppelzimmer, hg. v. Stefanie Heraeus und Philippe Pirotte, Ausstellungsreihe in den KW Institute for Contemporary Art in Berlin, kuratiert von Studierenden der Curatorial Studies, Frankfurt 2016.<br \/>\n<a href=\"https:\/\/www.staedelschule.de\/de\/information\/publications\/doppelzimmer\" target=\"_blank\" rel=\"noopener\">https:\/\/www.staedelschule.de\/de\/information\/&#8230;<\/a><br \/>\n<a href=\"https:\/\/www.kuratierenundkritik.net\/wp-content\/uploads\/2024\/04\/Doppelzimmer_komplett.pdf\">PDF<\/a><\/p>\n<p>H\u00e9lio Oiticica: Curating the Penetr\u00e1veis, hg. v. Stefanie Heraeus, mit Beitr\u00e4gen von Daniel Birnbaum, Peter Gorschl\u00fcter, J\u00f6rg Heiser, Christoph Menke, C\u00e9sar Oiticica Filho, Jochen Volz, Adrian Williams u.a. sowie einer Dokumentation des Performance- und Filmprogramms im Palmengarten, kuratiert von Studierenden der Curatorial Studies, Bielefeld: transcript, 2016<br \/>\n<a href=\"https:\/\/www.transcript-verlag.de\/978-3-8376-3737-3\/helio-oiticica-curating-the-penetraveis\/?c=58\" target=\"_blank\" rel=\"noopener\">http:\/\/www.transcript-verlag.de\/978-3-8376&#8230;<\/a><\/p>\n<p>Vergessene K\u00f6rper: Helmut Kolle und Max Beckmann, hg. v. Stefanie Heraeus, Kabinettausstellung im St\u00e4del Museum, kuratiert von Studierenden der Curatorial Studies, Bielefeld: transcript, 2015.<br \/>\n<a href=\"https:\/\/www.transcript-verlag.de\/978-3-8376-3281-1\/vergessene-koerper-helmut-kolle-und-max-beckmann\/\" target=\"_blank\" rel=\"noopener\">http:\/\/www.transcript-verlag.de\/978-3-8376&#8230;<\/a><\/p>\n","protected":false},"excerpt":{"rendered":"Worlds within Worlds, hg. v. Anne-Marie Beckmann, Stefanie Heraeus und Martin Liebscher, mit Beitr\u00e4gen von Leonie Cecco, Fanny Dommers, Mattis Thomsen u.a., Frankfurt 2026 Tales of Water, accompanying booklet to the exhibition &#8220;Tales of Water&#8221; curated by the Curatorial Studies students, Hafen 2 Offenbach (04.07.2024). Booklet Raqs Media Collective. All, Humans, hg. v. Stefanie Heraeus,&#8230; <a class=\"view-article\" href=\"https:\/\/www.kuratierenundkritik.net\/en\/courses\/publications\/\">View Article<\/a>","protected":false},"author":1,"featured_media":0,"parent":205,"menu_order":0,"comment_status":"closed","ping_status":"closed","template":"template-standardkk.php","meta":{"footnotes":""},"class_list":["post-214","page","type-page","status-publish","hentry"],"acf":[],"_links":{"self":[{"href":"https:\/\/www.kuratierenundkritik.net\/en\/wp-json\/wp\/v2\/pages\/214","targetHints":{"allow":["GET"]}}],"collection":[{"href":"https:\/\/www.kuratierenundkritik.net\/en\/wp-json\/wp\/v2\/pages"}],"about":[{"href":"https:\/\/www.kuratierenundkritik.net\/en\/wp-json\/wp\/v2\/types\/page"}],"author":[{"embeddable":true,"href":"https:\/\/www.kuratierenundkritik.net\/en\/wp-json\/wp\/v2\/users\/1"}],"replies":[{"embeddable":true,"href":"https:\/\/www.kuratierenundkritik.net\/en\/wp-json\/wp\/v2\/comments?post=214"}],"version-history":[{"count":10,"href":"https:\/\/www.kuratierenundkritik.net\/en\/wp-json\/wp\/v2\/pages\/214\/revisions"}],"predecessor-version":[{"id":1864,"href":"https:\/\/www.kuratierenundkritik.net\/en\/wp-json\/wp\/v2\/pages\/214\/revisions\/1864"}],"up":[{"embeddable":true,"href":"https:\/\/www.kuratierenundkritik.net\/en\/wp-json\/wp\/v2\/pages\/205"}],"wp:attachment":[{"href":"https:\/\/www.kuratierenundkritik.net\/en\/wp-json\/wp\/v2\/media?parent=214"}],"curies":[{"name":"wp","href":"https:\/\/api.w.org\/{rel}","templated":true}]}}