{"id":212,"date":"2023-11-08T22:15:28","date_gmt":"2023-11-08T21:15:28","guid":{"rendered":"https:\/\/curstud.hs-fhg2.geschichte.uni-frankfurt.de\/?page_id=212"},"modified":"2026-03-25T13:51:11","modified_gmt":"2026-03-25T12:51:11","slug":"group-projects","status":"publish","type":"page","link":"https:\/\/www.kuratierenundkritik.net\/en\/courses\/group-projects\/","title":{"rendered":"Group projects"},"content":{"rendered":"<p>During the second and the third semester, each class creates a curatorial project in cooperation with the university lecturers, the St\u00e4delschule and the cooperating museums. It is the students&#8217; task to develop and realize a concept within a given frame.<\/p>\n<p>&nbsp;<\/p>\n<p>Invited by the Deutsche B\u00f6rse Photography Foundation in 2025, the students developed the exhibition &#8220;Worlds within Worlds&#8221; on photographic works by the photography class of the Hochschule f\u00fcr Gestaltung in Offenbach together with Anne-Marie Beckmann, Stefanie Heraeus, and Martin Liebscher. <a href=\"https:\/\/www.deutscheboersephotographyfoundation.org\/en\/exhibit\/exhibitions\/2026\/worlds-within-worlds.php\" target=\"_blank\" rel=\"noopener\">Link<\/a><\/p>\n<p>In 2024, the students dived into the narrative potential of water through performance and video works. The film screening \u201cTales of Water,\u201d developed with Stefanie Heraeus at Hafen2 in Offenbach, brought together various international artistic perspectives from Alicja Wysocka, Deniz \u015eim\u015feks, Igor Furtado, Th\u1ea3o Nguy\u00ean Phan, Ursula Biemann, Carlos Ijiralba, Giulietta Ockenfu\u00df, and Catherina Cramer.<\/p>\n<p>In 2023, the students accompanied the creation of the three-part LED video sculpture &#8220;All, Humans&#8221; by Raqs Media Collective. The collective had won the &#8220;Kunst am Bau&#8221; competition organized by the state of Hesse for the building of the Department of Linguistics and Cultural Studies at Goethe University. In close collaboration with Raqs, the students, supported by Stefanie Heraeus, developed the festive inauguration of the installation, several discussion and mediation formats with experts from various disciplines as well as a booklet. <a href=\"https:\/\/www.youtube.com\/watch?v=ciZou3kee3M\">Link to the Artist Talk<\/a><\/p>\n<p>In 2022, as part of &#8220;Gasthof 2022&#8221; at St\u00e4delschule, the focus turned to the practice and meaning of food &#8211; not least as an artistic medium. For this, the students created the exhibition series &#8220;Three Course Menu&#8221; with works by Arhun Aksakal, Gleb Amankulov, Emily Dietrich, Malin Dorn, Tornike Gognadze, Ra\u00fal Itamar Lima, Rogine Moradi, Gabriel Naghmouchi, Anna Michelle Nakhoul, Anna Pazzoli, Simon Shim-Sutcliffe, Ian Waelder, and Brandon Wylie.<\/p>\n<p>In 2021, as a follow-up to a seminar by Susanne Gaensheimer and Stefanie Heraeus, the students chose Jaider Esbell, Jamie Shi, Line Lyhne, and Lisa Gutscher for the exhibition titled &#8220;facets, faces&#8221; at the fffriedrich project space. These four artistic positions reflected on the role of identities within contemporary institutional and artistic practices.<\/p>\n<p>In 2020 the students, together with Stefanie Heraeus and Christina Lehnert, developed the exhibition &#8220;Moving Plants&#8221; in cooperation with the Palmengarten Frankfurt, with site-specific works by Rachel Elizabeth Ashton, Zheng Bo, Cooking Sections, Rashiyah Elanga, Agnese Galiotto, Graham Hamilton, Zishi Han, Zac Langdon-Pole and Nina Nadig.<\/p>\n<p>In 2019 the students developed a temporary &#8220;Museum der Kritik&#8221; together with Stefanie Heraeus and Christina Lehnert. Using the medium of performance, they explored the future political potential of the institution museum together with Nuray Demir, Toon Le\u00ebn, Thomas Geiger and Simon Pfeffel.<\/p>\n<p>In 2018, the exhibition series &#8220;Subject:Fwd:Unknown&#8221; took place in the project space fffriedrich responding to the dialogical works by the artists Leo Asemota and N\u00e1sito Mosquito exhibited in the Portikus. This project was realized together with Stefanie Heraeus and Christina Lehnert.<\/p>\n<p>The group exhibition &#8220;After facts \u2013 Pudding Explosion rearticulated&#8221; took place in an empty storefront in Frankfurt in 2016 and was inspired by the headshop \u201cPudding explosion\u201d which was opened in 1968 by the artist Peter Roehr in collaboration with the later gallerist Paul Maenz.<\/p>\n<p>Invited by the Deutsche B\u00f6rse Photography Foundation in 2017, the students developed the exhibition &#8220;The Biography of Things&#8221; on photographic works by the Hochschule f\u00fcr Gestaltung in Offenbach together with Anne-Marie Beckmann, Stefanie Heraeus, and Martin Liebscher. <a href=\"https:\/\/www.deutscheboersephotographyfoundation.org\/en\/exhibit\/exhibitions\/2018\/The-biography-of-things.php\" target=\"_blank\" rel=\"noopener\">Link<\/a><\/p>\n<p>In 2015, they conceived the exhibition series &#8220;Doppelzimmer&#8221; for the mezzanine floor 3 \u00bd at the KW Institute for Contemporary Art in Berlin with Ellen Blumenstein, Stefanie Heraeus, and Nina Mende.<\/p>\n<p>In 2014, they created the cabinet exhibition &#8220;Vergessene Koerper: Helmut Kolle und Max Beckmann&#8221; in cooperation with the St\u00e4del Museum and together with Stefanie Heraeus, Felicity Korn, and Felix Kr\u00e4mer.<\/p>\n<p>In 2013, the students curated a performance and film program in cooperation with the museum MMK for Modern Art and together with Peter Gorschl\u00fcter, Stefanie Heraeus, and Bernd Rei\u00df for the &#8220;Pentr\u00e1vel PN 14&#8221;, one of the most spectacular room installations by the Brazilian artist H\u00e9lio Oiticia.<\/p>\n","protected":false},"excerpt":{"rendered":"During the second and the third semester, each class creates a curatorial project in cooperation with the university lecturers, the St\u00e4delschule and the cooperating museums. It is the students&#8217; task to develop and realize a concept within a given frame. &nbsp; Invited by the Deutsche B\u00f6rse Photography Foundation in 2025, the students developed the exhibition&#8230; <a class=\"view-article\" href=\"https:\/\/www.kuratierenundkritik.net\/en\/courses\/group-projects\/\">View Article<\/a>","protected":false},"author":1,"featured_media":0,"parent":205,"menu_order":0,"comment_status":"closed","ping_status":"closed","template":"template-standardkk.php","meta":{"footnotes":""},"class_list":["post-212","page","type-page","status-publish","hentry"],"acf":[],"_links":{"self":[{"href":"https:\/\/www.kuratierenundkritik.net\/en\/wp-json\/wp\/v2\/pages\/212","targetHints":{"allow":["GET"]}}],"collection":[{"href":"https:\/\/www.kuratierenundkritik.net\/en\/wp-json\/wp\/v2\/pages"}],"about":[{"href":"https:\/\/www.kuratierenundkritik.net\/en\/wp-json\/wp\/v2\/types\/page"}],"author":[{"embeddable":true,"href":"https:\/\/www.kuratierenundkritik.net\/en\/wp-json\/wp\/v2\/users\/1"}],"replies":[{"embeddable":true,"href":"https:\/\/www.kuratierenundkritik.net\/en\/wp-json\/wp\/v2\/comments?post=212"}],"version-history":[{"count":17,"href":"https:\/\/www.kuratierenundkritik.net\/en\/wp-json\/wp\/v2\/pages\/212\/revisions"}],"predecessor-version":[{"id":1861,"href":"https:\/\/www.kuratierenundkritik.net\/en\/wp-json\/wp\/v2\/pages\/212\/revisions\/1861"}],"up":[{"embeddable":true,"href":"https:\/\/www.kuratierenundkritik.net\/en\/wp-json\/wp\/v2\/pages\/205"}],"wp:attachment":[{"href":"https:\/\/www.kuratierenundkritik.net\/en\/wp-json\/wp\/v2\/media?parent=212"}],"curies":[{"name":"wp","href":"https:\/\/api.w.org\/{rel}","templated":true}]}}