{"id":195,"date":"2023-11-02T00:17:49","date_gmt":"2023-11-01T23:17:49","guid":{"rendered":"https:\/\/curstud.hs-fhg2.geschichte.uni-frankfurt.de\/?page_id=195"},"modified":"2024-04-14T18:38:01","modified_gmt":"2024-04-14T16:38:01","slug":"teaching-staff","status":"publish","type":"page","link":"https:\/\/www.kuratierenundkritik.net\/en\/master-of-arts-program\/teaching-staff\/","title":{"rendered":"Teaching Staff"},"content":{"rendered":"<p>The teaching staff consists of university professors and lecturers from the Goethe-University and the St\u00e4delschule as well as the directors and curators of the St\u00e4del Museum, Liebieghaus Skulpturensammlung, MMK Museum f\u00fcr Moderne Kunst Frankfurt, Historisches Museum Frankfurt, Weltkulturen Museum and Portikus. Further experts conduct individual events and projects.<br \/>\nThe teaching languages are German and English.<\/p>\n","protected":false},"excerpt":{"rendered":"The teaching staff consists of university professors and lecturers from the Goethe-University and the St\u00e4delschule as well as the directors and curators of the St\u00e4del Museum, Liebieghaus Skulpturensammlung, MMK Museum f\u00fcr Moderne Kunst Frankfurt, Historisches Museum Frankfurt, Weltkulturen Museum and Portikus. Further experts conduct individual events and projects. The teaching languages are German and English.","protected":false},"author":1,"featured_media":0,"parent":190,"menu_order":0,"comment_status":"closed","ping_status":"closed","template":"template-standardkk.php","meta":{"footnotes":""},"class_list":["post-195","page","type-page","status-publish","hentry"],"acf":[],"_links":{"self":[{"href":"https:\/\/www.kuratierenundkritik.net\/en\/wp-json\/wp\/v2\/pages\/195","targetHints":{"allow":["GET"]}}],"collection":[{"href":"https:\/\/www.kuratierenundkritik.net\/en\/wp-json\/wp\/v2\/pages"}],"about":[{"href":"https:\/\/www.kuratierenundkritik.net\/en\/wp-json\/wp\/v2\/types\/page"}],"author":[{"embeddable":true,"href":"https:\/\/www.kuratierenundkritik.net\/en\/wp-json\/wp\/v2\/users\/1"}],"replies":[{"embeddable":true,"href":"https:\/\/www.kuratierenundkritik.net\/en\/wp-json\/wp\/v2\/comments?post=195"}],"version-history":[{"count":5,"href":"https:\/\/www.kuratierenundkritik.net\/en\/wp-json\/wp\/v2\/pages\/195\/revisions"}],"predecessor-version":[{"id":1224,"href":"https:\/\/www.kuratierenundkritik.net\/en\/wp-json\/wp\/v2\/pages\/195\/revisions\/1224"}],"up":[{"embeddable":true,"href":"https:\/\/www.kuratierenundkritik.net\/en\/wp-json\/wp\/v2\/pages\/190"}],"wp:attachment":[{"href":"https:\/\/www.kuratierenundkritik.net\/en\/wp-json\/wp\/v2\/media?parent=195"}],"curies":[{"name":"wp","href":"https:\/\/api.w.org\/{rel}","templated":true}]}}